{"id":68767,"date":"2026-01-07T15:55:22","date_gmt":"2026-01-07T14:55:22","guid":{"rendered":"https:\/\/innocentiemangonipiante.it\/cephalanthus-occidentalis-fiber-optics-fe\/"},"modified":"2026-01-07T20:39:26","modified_gmt":"2026-01-07T19:39:26","slug":"cephalanthus-occidentalis-fiber-optics-fe","status":"publish","type":"product","link":"https:\/\/innocentiemangonipiante.it\/fr\/cephalanthus-occidentalis-fiber-optics-fe\/","title":{"rendered":"CEPHALANTHUS occidentalis &lsquo;Fiber Optics&rsquo; FE \u00ae"},"content":{"rendered":"<p>Arbuste caduc buissonnant. Au d\u00e9but de l\u2019automne apparaissent de petites fleurs \u00e9troites blanc cr\u00e8me, parfum\u00e9es, regroup\u00e9es en sph\u00e8res denses, couvertes de longues \u00e9tamines et parfaitement sym\u00e9triques. Elles sont suivies de baies rouges qui persistent jusqu\u2019\u00e0 l\u2019automne.<\/p>\n","protected":false},"excerpt":{"rendered":"<p>Arbuste caduc buissonnant. Au d\u00e9but de l\u2019automne apparaissent de petites fleurs \u00e9troites blanc cr\u00e8me, parfum\u00e9es, regroup\u00e9es en sph\u00e8res denses, couvertes de longues \u00e9tamines et parfaitement sym\u00e9triques. Elles sont suivies de baies rouges qui persistent jusqu\u2019\u00e0 l\u2019automne.<\/p>\n","protected":false},"featured_media":68482,"template":"","meta":{"_acf_changed":false},"product_brand":[],"product_cat":[8317],"product_tag":[10897],"class_list":{"0":"post-68767","1":"product","2":"type-product","3":"status-publish","4":"has-post-thumbnail","6":"product_cat-sans-categorie","7":"product_tag-naturelle","8":"pa_altezza-massima-150-fr","9":"pa_colore-fioritura-blanc","10":"pa_famiglia-rubiaceae-fr","11":"pa_genere-cephalanthus","12":"pa_origine-origine-delle-piante-u-s-a","13":"pa_periodo-fioritura-aout","14":"pa_periodo-fioritura-septembre","15":"pa_portamento-arrondi","16":"pa_resistenza-climatica-tres-elevee","17":"pa_utilizzo-parcs","18":"pa_utilizzo-petits-jardins","20":"first","21":"instock","22":"purchasable","23":"product-type-simple"},"acf":[],"_links":{"self":[{"href":"https:\/\/innocentiemangonipiante.it\/fr\/wp-json\/wp\/v2\/product\/68767","targetHints":{"allow":["GET"]}}],"collection":[{"href":"https:\/\/innocentiemangonipiante.it\/fr\/wp-json\/wp\/v2\/product"}],"about":[{"href":"https:\/\/innocentiemangonipiante.it\/fr\/wp-json\/wp\/v2\/types\/product"}],"wp:featuredmedia":[{"embeddable":true,"href":"https:\/\/innocentiemangonipiante.it\/fr\/wp-json\/wp\/v2\/media\/68482"}],"wp:attachment":[{"href":"https:\/\/innocentiemangonipiante.it\/fr\/wp-json\/wp\/v2\/media?parent=68767"}],"wp:term":[{"taxonomy":"product_brand","embeddable":true,"href":"https:\/\/innocentiemangonipiante.it\/fr\/wp-json\/wp\/v2\/product_brand?post=68767"},{"taxonomy":"product_cat","embeddable":true,"href":"https:\/\/innocentiemangonipiante.it\/fr\/wp-json\/wp\/v2\/product_cat?post=68767"},{"taxonomy":"product_tag","embeddable":true,"href":"https:\/\/innocentiemangonipiante.it\/fr\/wp-json\/wp\/v2\/product_tag?post=68767"}],"curies":[{"name":"wp","href":"https:\/\/api.w.org\/{rel}","templated":true}]}}