{"id":68768,"date":"2026-01-07T15:55:39","date_gmt":"2026-01-07T14:55:39","guid":{"rendered":"https:\/\/innocentiemangonipiante.it\/distylium-linebaker-fe\/"},"modified":"2026-01-07T20:39:29","modified_gmt":"2026-01-07T19:39:29","slug":"distylium-linebaker-fe","status":"publish","type":"product","link":"https:\/\/innocentiemangonipiante.it\/fr\/distylium-linebaker-fe\/","title":{"rendered":"DISTYLIUM &lsquo;Linebaker&rsquo; FE \u00ae"},"content":{"rendered":"<p>Arbuste persistant au port dress\u00e9, au jeune feuillage rouge cuivr\u00e9 devenant vert fonc\u00e9 avec le temps. Il produit des fleurs rouges qui \u00e9closent de janvier \u00e0 mars. Feuillage compact, id\u00e9al comme plante \u00e9cran ou pour haies.<\/p>\n","protected":false},"excerpt":{"rendered":"<p>Arbuste persistant au port dress\u00e9, au jeune feuillage rouge cuivr\u00e9 devenant vert fonc\u00e9 avec le temps. Il produit des fleurs rouges qui \u00e9closent de janvier \u00e0 mars. Feuillage compact, id\u00e9al comme plante \u00e9cran ou pour haies.<\/p>\n","protected":false},"featured_media":68498,"template":"","meta":{"_acf_changed":false},"product_brand":[],"product_cat":[8817],"product_tag":[10897],"class_list":{"0":"post-68768","1":"product","2":"type-product","3":"status-publish","4":"has-post-thumbnail","6":"product_cat-arbres-et-arbustes-persistants","7":"product_tag-naturelle","8":"pa_altezza-massima-150-fr","9":"pa_altezza-massima-250-fr","10":"pa_colore-fioritura-rouge","11":"pa_famiglia-hamamelidiaceae","12":"pa_genere-distylium-fr","13":"pa_origine-giappone","14":"pa_periodo-fioritura-fevrier","15":"pa_periodo-fioritura-janvier","16":"pa_periodo-fioritura-mars","17":"pa_portamento-eretto-fr","18":"pa_resistenza-climatica-moyenne-elevee","19":"pa_utilizzo-haies","21":"first","22":"instock","23":"purchasable","24":"product-type-simple"},"acf":[],"_links":{"self":[{"href":"https:\/\/innocentiemangonipiante.it\/fr\/wp-json\/wp\/v2\/product\/68768","targetHints":{"allow":["GET"]}}],"collection":[{"href":"https:\/\/innocentiemangonipiante.it\/fr\/wp-json\/wp\/v2\/product"}],"about":[{"href":"https:\/\/innocentiemangonipiante.it\/fr\/wp-json\/wp\/v2\/types\/product"}],"wp:featuredmedia":[{"embeddable":true,"href":"https:\/\/innocentiemangonipiante.it\/fr\/wp-json\/wp\/v2\/media\/68498"}],"wp:attachment":[{"href":"https:\/\/innocentiemangonipiante.it\/fr\/wp-json\/wp\/v2\/media?parent=68768"}],"wp:term":[{"taxonomy":"product_brand","embeddable":true,"href":"https:\/\/innocentiemangonipiante.it\/fr\/wp-json\/wp\/v2\/product_brand?post=68768"},{"taxonomy":"product_cat","embeddable":true,"href":"https:\/\/innocentiemangonipiante.it\/fr\/wp-json\/wp\/v2\/product_cat?post=68768"},{"taxonomy":"product_tag","embeddable":true,"href":"https:\/\/innocentiemangonipiante.it\/fr\/wp-json\/wp\/v2\/product_tag?post=68768"}],"curies":[{"name":"wp","href":"https:\/\/api.w.org\/{rel}","templated":true}]}}