{"id":68770,"date":"2026-01-07T15:56:12","date_gmt":"2026-01-07T14:56:12","guid":{"rendered":"https:\/\/innocentiemangonipiante.it\/physocarpus-opulifolius-amber-jubilee-fe\/"},"modified":"2026-01-07T20:39:35","modified_gmt":"2026-01-07T19:39:35","slug":"physocarpus-opulifolius-amber-jubilee-fe","status":"publish","type":"product","link":"https:\/\/innocentiemangonipiante.it\/fr\/physocarpus-opulifolius-amber-jubilee-fe\/","title":{"rendered":"PHYSOCARPUS opulifolius &lsquo;Amber Jubilee&rsquo; FE \u00ae"},"content":{"rendered":"<p>Arbuste caduc aux feuilles orange-jaune, puis dor\u00e9es, devenant rouge pourpre en automne. Floraison estivale blanche. Tr\u00e8s r\u00e9sistant.<\/p>\n","protected":false},"excerpt":{"rendered":"<p>Arbuste caduc aux feuilles orange-jaune, puis dor\u00e9es, devenant rouge pourpre en automne. Floraison estivale blanche. Tr\u00e8s r\u00e9sistant.<\/p>\n","protected":false},"featured_media":68530,"template":"","meta":{"_acf_changed":false},"product_brand":[],"product_cat":[8812],"product_tag":[10897],"class_list":{"0":"post-68770","1":"product","2":"type-product","3":"status-publish","4":"has-post-thumbnail","6":"product_cat-arbres-et-arbustes-a-feuilles-caduques","7":"product_tag-naturelle","8":"pa_altezza-massima-150-fr","9":"pa_altezza-massima-200-fr","10":"pa_colore-delle-foglie-arancio","11":"pa_colore-fioritura-blanc","12":"pa_famiglia-rosaceae-fr","13":"pa_genere-physocarpus-fr","14":"pa_origine-canada-fr","15":"pa_periodo-fioritura-aout","16":"pa_periodo-fioritura-juillet","17":"pa_periodo-fioritura-juin","18":"pa_portamento-cespuglioso-fr","19":"pa_resistenza-climatica-tres-elevee","20":"pa_utilizzo-parcs","21":"pa_utilizzo-petits-jardins","23":"first","24":"instock","25":"purchasable","26":"product-type-simple"},"acf":[],"_links":{"self":[{"href":"https:\/\/innocentiemangonipiante.it\/fr\/wp-json\/wp\/v2\/product\/68770","targetHints":{"allow":["GET"]}}],"collection":[{"href":"https:\/\/innocentiemangonipiante.it\/fr\/wp-json\/wp\/v2\/product"}],"about":[{"href":"https:\/\/innocentiemangonipiante.it\/fr\/wp-json\/wp\/v2\/types\/product"}],"wp:featuredmedia":[{"embeddable":true,"href":"https:\/\/innocentiemangonipiante.it\/fr\/wp-json\/wp\/v2\/media\/68530"}],"wp:attachment":[{"href":"https:\/\/innocentiemangonipiante.it\/fr\/wp-json\/wp\/v2\/media?parent=68770"}],"wp:term":[{"taxonomy":"product_brand","embeddable":true,"href":"https:\/\/innocentiemangonipiante.it\/fr\/wp-json\/wp\/v2\/product_brand?post=68770"},{"taxonomy":"product_cat","embeddable":true,"href":"https:\/\/innocentiemangonipiante.it\/fr\/wp-json\/wp\/v2\/product_cat?post=68770"},{"taxonomy":"product_tag","embeddable":true,"href":"https:\/\/innocentiemangonipiante.it\/fr\/wp-json\/wp\/v2\/product_tag?post=68770"}],"curies":[{"name":"wp","href":"https:\/\/api.w.org\/{rel}","templated":true}]}}