{"id":68772,"date":"2026-01-07T15:56:51","date_gmt":"2026-01-07T14:56:51","guid":{"rendered":"https:\/\/innocentiemangonipiante.it\/physocarpus-opulifolius-lucky-devil-fe\/"},"modified":"2026-01-07T20:39:40","modified_gmt":"2026-01-07T19:39:40","slug":"physocarpus-opulifolius-lucky-devil-fe","status":"publish","type":"product","link":"https:\/\/innocentiemangonipiante.it\/fr\/physocarpus-opulifolius-lucky-devil-fe\/","title":{"rendered":"PHYSOCARPUS opulifolius &lsquo;Lucky Devil&rsquo; FE \u00ae"},"content":{"rendered":"<p>Arbuste caduc au feuillage dor\u00e9 au printemps et en \u00e9t\u00e9, devenant orange en automne. Fleurs blanches en juin, suivies de petites baies rouges.<\/p>\n","protected":false},"excerpt":{"rendered":"<p>Arbuste caduc au feuillage dor\u00e9 au printemps et en \u00e9t\u00e9, devenant orange en automne. Fleurs blanches en juin, suivies de petites baies rouges.<\/p>\n","protected":false},"featured_media":68562,"template":"","meta":{"_acf_changed":false},"product_brand":[],"product_cat":[8812],"product_tag":[10897],"class_list":{"0":"post-68772","1":"product","2":"type-product","3":"status-publish","4":"has-post-thumbnail","6":"product_cat-arbres-et-arbustes-a-feuilles-caduques","7":"product_tag-naturelle","8":"pa_altezza-massima-100-fr","9":"pa_altezza-massima-120-fr","10":"pa_colore-delle-foglie-jaune","11":"pa_colore-fioritura-blanc","12":"pa_famiglia-rosaceae-fr","13":"pa_genere-physocarpus-fr","14":"pa_origine-origine-delle-piante-u-s-a","15":"pa_periodo-fioritura-juin","16":"pa_portamento-cespuglioso-fr","17":"pa_resistenza-climatica-tres-elevee","18":"pa_utilizzo-parcs","19":"pa_utilizzo-petits-jardins","21":"first","22":"instock","23":"purchasable","24":"product-type-simple"},"acf":[],"_links":{"self":[{"href":"https:\/\/innocentiemangonipiante.it\/fr\/wp-json\/wp\/v2\/product\/68772","targetHints":{"allow":["GET"]}}],"collection":[{"href":"https:\/\/innocentiemangonipiante.it\/fr\/wp-json\/wp\/v2\/product"}],"about":[{"href":"https:\/\/innocentiemangonipiante.it\/fr\/wp-json\/wp\/v2\/types\/product"}],"wp:featuredmedia":[{"embeddable":true,"href":"https:\/\/innocentiemangonipiante.it\/fr\/wp-json\/wp\/v2\/media\/68562"}],"wp:attachment":[{"href":"https:\/\/innocentiemangonipiante.it\/fr\/wp-json\/wp\/v2\/media?parent=68772"}],"wp:term":[{"taxonomy":"product_brand","embeddable":true,"href":"https:\/\/innocentiemangonipiante.it\/fr\/wp-json\/wp\/v2\/product_brand?post=68772"},{"taxonomy":"product_cat","embeddable":true,"href":"https:\/\/innocentiemangonipiante.it\/fr\/wp-json\/wp\/v2\/product_cat?post=68772"},{"taxonomy":"product_tag","embeddable":true,"href":"https:\/\/innocentiemangonipiante.it\/fr\/wp-json\/wp\/v2\/product_tag?post=68772"}],"curies":[{"name":"wp","href":"https:\/\/api.w.org\/{rel}","templated":true}]}}