{"id":68773,"date":"2026-01-07T15:57:11","date_gmt":"2026-01-07T14:57:11","guid":{"rendered":"https:\/\/innocentiemangonipiante.it\/physocarpus-opalifolius-spicy-devil-fe\/"},"modified":"2026-01-07T20:39:43","modified_gmt":"2026-01-07T19:39:43","slug":"physocarpus-opalifolius-spicy-devil-fe","status":"publish","type":"product","link":"https:\/\/innocentiemangonipiante.it\/fr\/physocarpus-opalifolius-spicy-devil-fe\/","title":{"rendered":"PHYSOCARPUS opalifolius &lsquo;Spicy Devil&rsquo; FE \u00ae"},"content":{"rendered":"<p>Arbuste caduc au feuillage d\u2019abord jaune orang\u00e9, puis rouge fonc\u00e9. Floraison blanc ros\u00e9 au printemps.<\/p>\n","protected":false},"excerpt":{"rendered":"<p>Arbuste caduc au feuillage d\u2019abord jaune orang\u00e9, puis rouge fonc\u00e9. Floraison blanc ros\u00e9 au printemps.<\/p>\n","protected":false},"featured_media":68578,"template":"","meta":{"_acf_changed":false},"product_brand":[],"product_cat":[8812],"product_tag":[10897],"class_list":{"0":"post-68773","1":"product","2":"type-product","3":"status-publish","4":"has-post-thumbnail","6":"product_cat-arbres-et-arbustes-a-feuilles-caduques","7":"product_tag-naturelle","8":"pa_altezza-massima-100-fr","9":"pa_altezza-massima-120-fr","10":"pa_colore-delle-foglie-jaune","11":"pa_colore-fioritura-blanc","12":"pa_famiglia-rosaceae-fr","13":"pa_genere-physocarpus-fr","14":"pa_origine-origine-delle-piante-u-s-a","15":"pa_periodo-fioritura-avril","16":"pa_periodo-fioritura-mai","17":"pa_portamento-cespuglioso-fr","18":"pa_resistenza-climatica-tres-elevee","19":"pa_utilizzo-parcs","20":"pa_utilizzo-petits-jardins","22":"first","23":"instock","24":"purchasable","25":"product-type-simple"},"acf":[],"_links":{"self":[{"href":"https:\/\/innocentiemangonipiante.it\/fr\/wp-json\/wp\/v2\/product\/68773","targetHints":{"allow":["GET"]}}],"collection":[{"href":"https:\/\/innocentiemangonipiante.it\/fr\/wp-json\/wp\/v2\/product"}],"about":[{"href":"https:\/\/innocentiemangonipiante.it\/fr\/wp-json\/wp\/v2\/types\/product"}],"wp:featuredmedia":[{"embeddable":true,"href":"https:\/\/innocentiemangonipiante.it\/fr\/wp-json\/wp\/v2\/media\/68578"}],"wp:attachment":[{"href":"https:\/\/innocentiemangonipiante.it\/fr\/wp-json\/wp\/v2\/media?parent=68773"}],"wp:term":[{"taxonomy":"product_brand","embeddable":true,"href":"https:\/\/innocentiemangonipiante.it\/fr\/wp-json\/wp\/v2\/product_brand?post=68773"},{"taxonomy":"product_cat","embeddable":true,"href":"https:\/\/innocentiemangonipiante.it\/fr\/wp-json\/wp\/v2\/product_cat?post=68773"},{"taxonomy":"product_tag","embeddable":true,"href":"https:\/\/innocentiemangonipiante.it\/fr\/wp-json\/wp\/v2\/product_tag?post=68773"}],"curies":[{"name":"wp","href":"https:\/\/api.w.org\/{rel}","templated":true}]}}